{"id":764,"date":"2023-09-28T17:32:37","date_gmt":"2023-09-28T17:32:37","guid":{"rendered":"https:\/\/integration101.eu\/?page_id=764"},"modified":"2023-09-30T17:56:06","modified_gmt":"2023-09-30T17:56:06","slug":"ikos","status":"publish","type":"page","link":"https:\/\/integration101.eu\/index.php\/ikos\/","title":{"rendered":"IKOS"},"content":{"rendered":"\t\t<div data-elementor-type=\"wp-page\" data-elementor-id=\"764\" class=\"elementor elementor-764\">\n\t\t\t\t\t\t<section class=\"elementor-section elementor-top-section elementor-element elementor-element-4jtlgz3 elementor-section-boxed elementor-section-height-default elementor-section-height-default\" data-id=\"4jtlgz3\" data-element_type=\"section\" data-settings=\"{&quot;background_background&quot;:&quot;classic&quot;}\">\n\t\t\t\t\t\t<div class=\"elementor-container elementor-column-gap-no\">\n\t\t\t\t\t<div class=\"elementor-column elementor-col-100 elementor-top-column elementor-element elementor-element-12023fb\" data-id=\"12023fb\" data-element_type=\"column\">\n\t\t\t<div class=\"elementor-widget-wrap elementor-element-populated\">\n\t\t\t\t\t\t<section class=\"elementor-section elementor-inner-section elementor-element elementor-element-5ac675f elementor-section-boxed elementor-section-height-default elementor-section-height-default\" data-id=\"5ac675f\" data-element_type=\"section\">\n\t\t\t\t\t\t<div class=\"elementor-container elementor-column-gap-no\">\n\t\t\t\t\t<div class=\"elementor-column elementor-col-100 elementor-inner-column elementor-element elementor-element-1378fb8\" data-id=\"1378fb8\" data-element_type=\"column\">\n\t\t\t<div class=\"elementor-widget-wrap elementor-element-populated\">\n\t\t\t\t\t\t<div class=\"elementor-element elementor-element-1ad68a8 elementor-widget elementor-widget-heading\" data-id=\"1ad68a8\" data-element_type=\"widget\" data-widget_type=\"heading.default\">\n\t\t\t\t<div class=\"elementor-widget-container\">\n\t\t\t<h1 class=\"elementor-heading-title elementor-size-default\">IKOS<\/h1>\t\t<\/div>\n\t\t\t\t<\/div>\n\t\t\t\t<div class=\"elementor-element elementor-element-0efbdb7 elementor-widget elementor-widget-text-editor\" data-id=\"0efbdb7\" data-element_type=\"widget\" data-widget_type=\"text-editor.default\">\n\t\t\t\t<div class=\"elementor-widget-container\">\n\t\t\t\t\t\t\t<p><img fetchpriority=\"high\" decoding=\"async\" class=\" wp-image-766 alignleft\" src=\"https:\/\/integration101.eu\/wp-content\/uploads\/2023\/09\/IKOS_PNG-Logo-e1695922251409-288x300.png\" alt=\"\" width=\"221\" height=\"230\" srcset=\"https:\/\/integration101.eu\/wp-content\/uploads\/2023\/09\/IKOS_PNG-Logo-e1695922251409-288x300.png 288w, https:\/\/integration101.eu\/wp-content\/uploads\/2023\/09\/IKOS_PNG-Logo-e1695922251409-982x1024.png 982w, https:\/\/integration101.eu\/wp-content\/uploads\/2023\/09\/IKOS_PNG-Logo-e1695922251409-768x801.png 768w, https:\/\/integration101.eu\/wp-content\/uploads\/2023\/09\/IKOS_PNG-Logo-e1695922251409-1473x1536.png 1473w, https:\/\/integration101.eu\/wp-content\/uploads\/2023\/09\/IKOS_PNG-Logo-e1695922251409.png 1597w\" sizes=\"(max-width: 221px) 100vw, 221px\" \/><\/p><div>In 2010, a working group consisting of relevant sports experts, artists, and local volunteers actively involved in youth work commissioned research to document the needs of disadvantaged people in \u0130stanbul. IKOS was established with the objective of contributing in the following areas:<\/div><div>\u2022 Supporting the development of the community, including disadvantaged groups across different age groups.<\/div><div>\u2022 Raising awareness about the role of Sports and Art as tools for social empowerment.<\/div><div>\u2022 Organizing sports-related outreach activities to reach the most vulnerable target groups.<\/div><div>\u2022 Establishing networks with existing inclusion and sports organizations.<\/div><div>IKOS focuses on empowering and involving disadvantaged young people and children, helping them acquire soft skills, self-confidence, and hope for their future through art and sports. To achieve IKOS&#8217;s aims, activities are carried out in four main fields. They are; Sport Studies, Art &amp; Culture Studies, Youth Work and International Networking.<\/div>\t\t\t\t\t\t<\/div>\n\t\t\t\t<\/div>\n\t\t\t\t<div class=\"elementor-element elementor-element-130bdf8 e-grid-align-left elementor-shape-rounded elementor-grid-0 elementor-widget elementor-widget-social-icons\" data-id=\"130bdf8\" data-element_type=\"widget\" data-widget_type=\"social-icons.default\">\n\t\t\t\t<div class=\"elementor-widget-container\">\n\t\t\t\t\t<div class=\"elementor-social-icons-wrapper elementor-grid\">\n\t\t\t\t\t\t\t<span class=\"elementor-grid-item\">\n\t\t\t\t\t<a class=\"elementor-icon elementor-social-icon elementor-social-icon-facebook elementor-repeater-item-6348ddb\" href=\"https:\/\/www.facebook.com\/ikos.org.tr\/\" target=\"_blank\">\n\t\t\t\t\t\t<span class=\"elementor-screen-only\">Facebook<\/span>\n\t\t\t\t\t\t<i class=\"fab fa-facebook\"><\/i>\t\t\t\t\t<\/a>\n\t\t\t\t<\/span>\n\t\t\t\t\t\t\t<span class=\"elementor-grid-item\">\n\t\t\t\t\t<a class=\"elementor-icon elementor-social-icon elementor-social-icon-instagram elementor-repeater-item-aafe703\" href=\"https:\/\/www.instagram.com\/ikos.org.tr\/\" target=\"_blank\">\n\t\t\t\t\t\t<span class=\"elementor-screen-only\">Instagram<\/span>\n\t\t\t\t\t\t<i class=\"fab fa-instagram\"><\/i>\t\t\t\t\t<\/a>\n\t\t\t\t<\/span>\n\t\t\t\t\t<\/div>\n\t\t\t\t<\/div>\n\t\t\t\t<\/div>\n\t\t\t\t\t<\/div>\n\t\t<\/div>\n\t\t\t\t\t<\/div>\n\t\t<\/section>\n\t\t\t\t<div class=\"elementor-element elementor-element-f60568d elementor-widget elementor-widget-text-editor\" data-id=\"f60568d\" data-element_type=\"widget\" data-widget_type=\"text-editor.default\">\n\t\t\t\t<div class=\"elementor-widget-container\">\n\t\t\t\t\t\t\t<p><strong>Contact info:<\/strong><\/p><p><br \/><strong>Website: <\/strong><a href=\"https:\/\/www.ikos.org.tr\/\">www.ikos.org.tr<\/a><\/p><p><strong>Addresses<\/strong>: Mehmet Akif mah Kadir sokak No:1 k\u00f6\u015fem apt Kat 3 daire :8 \u00dcmraniye\/istanbul<\/p><p><strong>Email :<\/strong> info@ikos.org.tr\u00a0<\/p>\t\t\t\t\t\t<\/div>\n\t\t\t\t<\/div>\n\t\t\t\t\t<\/div>\n\t\t<\/div>\n\t\t\t\t\t<\/div>\n\t\t<\/section>\n\t\t\t\t<\/div>\n\t\t","protected":false},"excerpt":{"rendered":"<p>IKOS In 2010, a working group consisting of relevant sports experts, artists, and local volunteers actively involved in youth work commissioned research to document the needs of disadvantaged people in \u0130stanbul. IKOS was established with the objective of contributing in the following areas:\u2022 Supporting the development of the community, including disadvantaged groups across different age [&hellip;]<\/p>\n","protected":false},"author":1,"featured_media":0,"parent":0,"menu_order":0,"comment_status":"closed","ping_status":"closed","template":"","meta":{"om_disable_all_campaigns":false,"_uag_custom_page_level_css":"","_monsterinsights_skip_tracking":false,"_monsterinsights_sitenote_active":false,"_monsterinsights_sitenote_note":"","_monsterinsights_sitenote_category":0,"_uf_show_specific_survey":0,"_uf_disable_surveys":false,"site-sidebar-layout":"no-sidebar","site-content-layout":"page-builder","ast-site-content-layout":"full-width-container","site-content-style":"default","site-sidebar-style":"default","ast-global-header-display":"","ast-banner-title-visibility":"","ast-main-header-display":"","ast-hfb-above-header-display":"","ast-hfb-below-header-display":"","ast-hfb-mobile-header-display":"","site-post-title":"disabled","ast-breadcrumbs-content":"","ast-featured-img":"disabled","footer-sml-layout":"","theme-transparent-header-meta":"","adv-header-id-meta":"","stick-header-meta":"","header-above-stick-meta":"","header-main-stick-meta":"","header-below-stick-meta":"","astra-migrate-meta-layouts":"set","ast-page-background-enabled":"default","ast-page-background-meta":{"desktop":{"background-color":"","background-image":"","background-repeat":"repeat","background-position":"center center","background-size":"auto","background-attachment":"scroll","background-type":"","background-media":"","overlay-type":"","overlay-color":"","overlay-opacity":"","overlay-gradient":""},"tablet":{"background-color":"","background-image":"","background-repeat":"repeat","background-position":"center center","background-size":"auto","background-attachment":"scroll","background-type":"","background-media":"","overlay-type":"","overlay-color":"","overlay-opacity":"","overlay-gradient":""},"mobile":{"background-color":"","background-image":"","background-repeat":"repeat","background-position":"center center","background-size":"auto","background-attachment":"scroll","background-type":"","background-media":"","overlay-type":"","overlay-color":"","overlay-opacity":"","overlay-gradient":""}},"ast-content-background-meta":{"desktop":{"background-color":"var(--ast-global-color-5)","background-image":"","background-repeat":"repeat","background-position":"center center","background-size":"auto","background-attachment":"scroll","background-type":"","background-media":"","overlay-type":"","overlay-color":"","overlay-opacity":"","overlay-gradient":""},"tablet":{"background-color":"var(--ast-global-color-5)","background-image":"","background-repeat":"repeat","background-position":"center center","background-size":"auto","background-attachment":"scroll","background-type":"","background-media":"","overlay-type":"","overlay-color":"","overlay-opacity":"","overlay-gradient":""},"mobile":{"background-color":"var(--ast-global-color-5)","background-image":"","background-repeat":"repeat","background-position":"center center","background-size":"auto","background-attachment":"scroll","background-type":"","background-media":"","overlay-type":"","overlay-color":"","overlay-opacity":"","overlay-gradient":""}},"_themeisle_gutenberg_block_has_review":false,"footnotes":""},"class_list":["post-764","page","type-page","status-publish","hentry"],"yoast_head":"<!-- This site is optimized with the Yoast SEO plugin v24.0 - https:\/\/yoast.com\/wordpress\/plugins\/seo\/ -->\n<title>IKOS - integration 101<\/title>\n<meta name=\"robots\" content=\"index, follow, max-snippet:-1, max-image-preview:large, max-video-preview:-1\" \/>\n<link rel=\"canonical\" href=\"https:\/\/integration101.eu\/index.php\/ikos\/\" \/>\n<meta property=\"og:locale\" content=\"en_US\" \/>\n<meta property=\"og:type\" content=\"article\" \/>\n<meta property=\"og:title\" content=\"IKOS - integration 101\" \/>\n<meta property=\"og:description\" content=\"IKOS In 2010, a working group consisting of relevant sports experts, artists, and local volunteers actively involved in youth work commissioned research to document the needs of disadvantaged people in \u0130stanbul. IKOS was established with the objective of contributing in the following areas:\u2022 Supporting the development of the community, including disadvantaged groups across different age [&hellip;]\" \/>\n<meta property=\"og:url\" content=\"https:\/\/integration101.eu\/index.php\/ikos\/\" \/>\n<meta property=\"og:site_name\" content=\"integration 101\" \/>\n<meta property=\"article:publisher\" content=\"https:\/\/www.facebook.com\/1ntegration101\" \/>\n<meta property=\"article:modified_time\" content=\"2023-09-30T17:56:06+00:00\" \/>\n<meta property=\"og:image\" content=\"https:\/\/integration101.eu\/wp-content\/uploads\/2023\/09\/IKOS_PNG-Logo-e1695922251409-288x300.png\" \/>\n<meta name=\"twitter:card\" content=\"summary_large_image\" \/>\n<meta name=\"twitter:label1\" content=\"Est. reading time\" \/>\n\t<meta name=\"twitter:data1\" content=\"1 minute\" \/>\n<script type=\"application\/ld+json\" class=\"yoast-schema-graph\">{\"@context\":\"https:\/\/schema.org\",\"@graph\":[{\"@type\":\"WebPage\",\"@id\":\"https:\/\/integration101.eu\/index.php\/ikos\/\",\"url\":\"https:\/\/integration101.eu\/index.php\/ikos\/\",\"name\":\"IKOS - integration 101\",\"isPartOf\":{\"@id\":\"https:\/\/integration101.eu\/#website\"},\"primaryImageOfPage\":{\"@id\":\"https:\/\/integration101.eu\/index.php\/ikos\/#primaryimage\"},\"image\":{\"@id\":\"https:\/\/integration101.eu\/index.php\/ikos\/#primaryimage\"},\"thumbnailUrl\":\"https:\/\/integration101.eu\/wp-content\/uploads\/2023\/09\/IKOS_PNG-Logo-e1695922251409-288x300.png\",\"datePublished\":\"2023-09-28T17:32:37+00:00\",\"dateModified\":\"2023-09-30T17:56:06+00:00\",\"breadcrumb\":{\"@id\":\"https:\/\/integration101.eu\/index.php\/ikos\/#breadcrumb\"},\"inLanguage\":\"en-US\",\"potentialAction\":[{\"@type\":\"ReadAction\",\"target\":[\"https:\/\/integration101.eu\/index.php\/ikos\/\"]}]},{\"@type\":\"ImageObject\",\"inLanguage\":\"en-US\",\"@id\":\"https:\/\/integration101.eu\/index.php\/ikos\/#primaryimage\",\"url\":\"https:\/\/integration101.eu\/wp-content\/uploads\/2023\/09\/IKOS_PNG-Logo-e1695922251409.png\",\"contentUrl\":\"https:\/\/integration101.eu\/wp-content\/uploads\/2023\/09\/IKOS_PNG-Logo-e1695922251409.png\",\"width\":1597,\"height\":1665},{\"@type\":\"BreadcrumbList\",\"@id\":\"https:\/\/integration101.eu\/index.php\/ikos\/#breadcrumb\",\"itemListElement\":[{\"@type\":\"ListItem\",\"position\":1,\"name\":\"Home\",\"item\":\"https:\/\/integration101.eu\/\"},{\"@type\":\"ListItem\",\"position\":2,\"name\":\"IKOS\"}]},{\"@type\":\"WebSite\",\"@id\":\"https:\/\/integration101.eu\/#website\",\"url\":\"https:\/\/integration101.eu\/\",\"name\":\"integration 101\",\"description\":\"\",\"publisher\":{\"@id\":\"https:\/\/integration101.eu\/#organization\"},\"potentialAction\":[{\"@type\":\"SearchAction\",\"target\":{\"@type\":\"EntryPoint\",\"urlTemplate\":\"https:\/\/integration101.eu\/?s={search_term_string}\"},\"query-input\":{\"@type\":\"PropertyValueSpecification\",\"valueRequired\":true,\"valueName\":\"search_term_string\"}}],\"inLanguage\":\"en-US\"},{\"@type\":\"Organization\",\"@id\":\"https:\/\/integration101.eu\/#organization\",\"name\":\"integration 101\",\"url\":\"https:\/\/integration101.eu\/\",\"logo\":{\"@type\":\"ImageObject\",\"inLanguage\":\"en-US\",\"@id\":\"https:\/\/integration101.eu\/#\/schema\/logo\/image\/\",\"url\":\"https:\/\/integration101.eu\/wp-content\/uploads\/2023\/08\/cropped-cropped-Integration-101-logo.png\",\"contentUrl\":\"https:\/\/integration101.eu\/wp-content\/uploads\/2023\/08\/cropped-cropped-Integration-101-logo.png\",\"width\":594,\"height\":198,\"caption\":\"integration 101\"},\"image\":{\"@id\":\"https:\/\/integration101.eu\/#\/schema\/logo\/image\/\"},\"sameAs\":[\"https:\/\/www.facebook.com\/1ntegration101\",\"https:\/\/instagram.com\/1ntegration101\"]}]}<\/script>\n<!-- \/ Yoast SEO plugin. -->","yoast_head_json":{"title":"IKOS - integration 101","robots":{"index":"index","follow":"follow","max-snippet":"max-snippet:-1","max-image-preview":"max-image-preview:large","max-video-preview":"max-video-preview:-1"},"canonical":"https:\/\/integration101.eu\/index.php\/ikos\/","og_locale":"en_US","og_type":"article","og_title":"IKOS - integration 101","og_description":"IKOS In 2010, a working group consisting of relevant sports experts, artists, and local volunteers actively involved in youth work commissioned research to document the needs of disadvantaged people in \u0130stanbul. IKOS was established with the objective of contributing in the following areas:\u2022 Supporting the development of the community, including disadvantaged groups across different age [&hellip;]","og_url":"https:\/\/integration101.eu\/index.php\/ikos\/","og_site_name":"integration 101","article_publisher":"https:\/\/www.facebook.com\/1ntegration101","article_modified_time":"2023-09-30T17:56:06+00:00","og_image":[{"url":"https:\/\/integration101.eu\/wp-content\/uploads\/2023\/09\/IKOS_PNG-Logo-e1695922251409-288x300.png","type":"","width":"","height":""}],"twitter_card":"summary_large_image","twitter_misc":{"Est. reading time":"1 minute"},"schema":{"@context":"https:\/\/schema.org","@graph":[{"@type":"WebPage","@id":"https:\/\/integration101.eu\/index.php\/ikos\/","url":"https:\/\/integration101.eu\/index.php\/ikos\/","name":"IKOS - integration 101","isPartOf":{"@id":"https:\/\/integration101.eu\/#website"},"primaryImageOfPage":{"@id":"https:\/\/integration101.eu\/index.php\/ikos\/#primaryimage"},"image":{"@id":"https:\/\/integration101.eu\/index.php\/ikos\/#primaryimage"},"thumbnailUrl":"https:\/\/integration101.eu\/wp-content\/uploads\/2023\/09\/IKOS_PNG-Logo-e1695922251409-288x300.png","datePublished":"2023-09-28T17:32:37+00:00","dateModified":"2023-09-30T17:56:06+00:00","breadcrumb":{"@id":"https:\/\/integration101.eu\/index.php\/ikos\/#breadcrumb"},"inLanguage":"en-US","potentialAction":[{"@type":"ReadAction","target":["https:\/\/integration101.eu\/index.php\/ikos\/"]}]},{"@type":"ImageObject","inLanguage":"en-US","@id":"https:\/\/integration101.eu\/index.php\/ikos\/#primaryimage","url":"https:\/\/integration101.eu\/wp-content\/uploads\/2023\/09\/IKOS_PNG-Logo-e1695922251409.png","contentUrl":"https:\/\/integration101.eu\/wp-content\/uploads\/2023\/09\/IKOS_PNG-Logo-e1695922251409.png","width":1597,"height":1665},{"@type":"BreadcrumbList","@id":"https:\/\/integration101.eu\/index.php\/ikos\/#breadcrumb","itemListElement":[{"@type":"ListItem","position":1,"name":"Home","item":"https:\/\/integration101.eu\/"},{"@type":"ListItem","position":2,"name":"IKOS"}]},{"@type":"WebSite","@id":"https:\/\/integration101.eu\/#website","url":"https:\/\/integration101.eu\/","name":"integration 101","description":"","publisher":{"@id":"https:\/\/integration101.eu\/#organization"},"potentialAction":[{"@type":"SearchAction","target":{"@type":"EntryPoint","urlTemplate":"https:\/\/integration101.eu\/?s={search_term_string}"},"query-input":{"@type":"PropertyValueSpecification","valueRequired":true,"valueName":"search_term_string"}}],"inLanguage":"en-US"},{"@type":"Organization","@id":"https:\/\/integration101.eu\/#organization","name":"integration 101","url":"https:\/\/integration101.eu\/","logo":{"@type":"ImageObject","inLanguage":"en-US","@id":"https:\/\/integration101.eu\/#\/schema\/logo\/image\/","url":"https:\/\/integration101.eu\/wp-content\/uploads\/2023\/08\/cropped-cropped-Integration-101-logo.png","contentUrl":"https:\/\/integration101.eu\/wp-content\/uploads\/2023\/08\/cropped-cropped-Integration-101-logo.png","width":594,"height":198,"caption":"integration 101"},"image":{"@id":"https:\/\/integration101.eu\/#\/schema\/logo\/image\/"},"sameAs":["https:\/\/www.facebook.com\/1ntegration101","https:\/\/instagram.com\/1ntegration101"]}]}},"uagb_featured_image_src":{"full":false,"thumbnail":false,"medium":false,"medium_large":false,"large":false,"1536x1536":false,"2048x2048":false},"uagb_author_info":{"display_name":"emre@demturkey.com","author_link":"https:\/\/integration101.eu\/index.php\/author\/emredemturkey-com\/"},"uagb_comment_info":0,"uagb_excerpt":"IKOS In 2010, a working group consisting of relevant sports experts, artists, and local volunteers actively involved in youth work commissioned research to document the needs of disadvantaged people in \u0130stanbul. IKOS was established with the objective of contributing in the following areas:\u2022 Supporting the development of the community, including disadvantaged groups across different age&hellip;","_links":{"self":[{"href":"https:\/\/integration101.eu\/index.php\/wp-json\/wp\/v2\/pages\/764","targetHints":{"allow":["GET"]}}],"collection":[{"href":"https:\/\/integration101.eu\/index.php\/wp-json\/wp\/v2\/pages"}],"about":[{"href":"https:\/\/integration101.eu\/index.php\/wp-json\/wp\/v2\/types\/page"}],"author":[{"embeddable":true,"href":"https:\/\/integration101.eu\/index.php\/wp-json\/wp\/v2\/users\/1"}],"replies":[{"embeddable":true,"href":"https:\/\/integration101.eu\/index.php\/wp-json\/wp\/v2\/comments?post=764"}],"version-history":[{"count":19,"href":"https:\/\/integration101.eu\/index.php\/wp-json\/wp\/v2\/pages\/764\/revisions"}],"predecessor-version":[{"id":976,"href":"https:\/\/integration101.eu\/index.php\/wp-json\/wp\/v2\/pages\/764\/revisions\/976"}],"wp:attachment":[{"href":"https:\/\/integration101.eu\/index.php\/wp-json\/wp\/v2\/media?parent=764"}],"curies":[{"name":"wp","href":"https:\/\/api.w.org\/{rel}","templated":true}]}}